{"id":230,"date":"2015-01-14T10:00:00","date_gmt":"2015-01-14T09:00:00","guid":{"rendered":"https:\/\/www.hostales-sp.com\/?page_id=230"},"modified":"2023-12-17T23:54:44","modified_gmt":"2023-12-17T22:54:44","slug":"contactez","status":"publish","type":"page","link":"https:\/\/www.hostales-sp.com\/fr\/contactez\/","title":{"rendered":"Contactez"},"content":{"rendered":"            <script type='text\/javascript'>\n                var map, infobox;\n\n                function GetMap() {\n                    map = new Microsoft.Maps.Map( '#mapa', {} );\n\n                    map.setView( {\n                        center: new Microsoft.Maps.Location( 37.3899044375,-6.000359225 ),\n                        zoom: 16\n                    } );\n\n                    \/\/Create an infobox at the center of the map but don't show it.\n                    infobox = new Microsoft.Maps.Infobox( map.getCenter(), {\n                        visible: false\n                    } );\n\n                    \/\/Assign the infobox to a map instance.\n                    infobox.setMap( map );\n\n                    \/\/Create locations in the map bounds.\n                    var locations = [[\"37.3905482\",\"-5.9975784000001\",\"H\\u00f4tel Association de la province de S\\u00e9ville\",\"Calle San Pablo, 1, 41001 Sevilla, Sevilla, Espa\\u00f1a\",\"#FFFF00\",\"H\\u00f4tel Association de la province de S\\u00e9ville\",\"Calle San Pablo, 1, 41001 Sevilla, Sevilla, Espa\\u00f1a<br><a href=\\\"tel:954221538\\\">954221538<\\\/a><br><a href=\\\"https:\\\/\\\/www.hostales-sp.com\\\/fr\\\/location\\\/hotel-association-de-la-province-de-seville\\\/\\\" target=\\\"_blank\\\">Plus d'informations<\\\/a>\"],[\"37.3913699\",\"-6.0001119999999\",\"H\\u00f4tel de luxe \\u00e0 S\\u00e9ville avec Le Petit Paris\",\"Calle San Pedro M\\u00e1rtir, 14, 41001 Sevilla, Sevilla, Espa\\u00f1a\",\"#BF9958\",\"H\\u00f4tel de luxe \\u00e0 S\\u00e9ville avec Le Petit Paris\",\"Calle San Pedro M\\u00e1rtir, 14, 41001 Sevilla, Sevilla, Espa\\u00f1a<br><a href=\\\"https:\\\/\\\/www.hostales-sp.com\\\/fr\\\/location\\\/le-petit-paris\\\/\\\"><img width=\\\"204\\\" height=\\\"50\\\" src=\\\"https:\\\/\\\/www.hostales-sp.com\\\/wp-content\\\/uploads\\\/2014\\\/07\\\/Le_Petit_Paris-Fachada-Noche-204x50.jpg\\\" class=\\\"attachment-hsp-photo size-hsp-photo wp-post-image\\\" alt=\\\"Hostales econ\\u00f3micos en Sevilla con Hostal Le Petit Paris\\\" \\\/><\\\/a><br><a href=\\\"tel:954229861\\\">954229861<\\\/a><br><a href=\\\"http:\\\/\\\/www.lepetitparis.es\\\/\\\" target=\\\"_blank\\\">Plus d'informations<\\\/a>\"],[\"37.3918929\",\"-6.0003418\",\"Hostels \\u00e9conomiques \\u00e0 S\\u00e9ville Hostal Paco&rsquo;s\",\"Calle Pedro del Toro, 7, 41001 Sevilla, Sevilla, Espa\\u00f1a\",\"#BF9958\",\"Hostels \\u00e9conomiques \\u00e0 S\\u00e9ville Hostal Paco&rsquo;s\",\"Calle Pedro del Toro, 7, 41001 Sevilla, Sevilla, Espa\\u00f1a<br><a href=\\\"https:\\\/\\\/www.hostales-sp.com\\\/fr\\\/location\\\/hostal-pacos\\\/\\\"><img width=\\\"204\\\" height=\\\"50\\\" src=\\\"https:\\\/\\\/www.hostales-sp.com\\\/wp-content\\\/uploads\\\/2014\\\/07\\\/Hostal-Paco-Escaleras-204x50.jpg\\\" class=\\\"attachment-hsp-photo size-hsp-photo wp-post-image\\\" alt=\\\"Hostales baratos en Sevilla con Hostal Paco&#039;s\\\" \\\/><\\\/a><br><a href=\\\"tel:954217183\\\">954217183<\\\/a><br><a href=\\\"\\\" target=\\\"_blank\\\">Plus d'informations<\\\/a>\"],[\"37.3893549\",\"-6.0031263\",\"Parking \\u00e0 S\\u00e9ville\",\"Calle de Benidorm, 5c, 41001 Sevilla, Sevilla, Espa\\u00f1a\",\"#0000CD\",\"Parking \\u00e0 S\\u00e9ville\",\"Calle de Benidorm, 5c, 41001 Sevilla, Sevilla, Espa\\u00f1a<br><a href=\\\"https:\\\/\\\/www.hostales-sp.com\\\/fr\\\/location\\\/parking-seville-2\\\/\\\" target=\\\"_blank\\\">Plus d'informations<\\\/a>\"],[\"37.391906\",\"-6.0011696\",\"Hostels \\u00e9conomiques \\u00e0 S\\u00e9ville Hostel Roma\",\"Calle Gravina, 34, 41001 Sevilla, Sevilla, Espa\\u00f1a\",\"#BF9958\",\"Hostels \\u00e9conomiques \\u00e0 S\\u00e9ville Hostel Roma\",\"Calle Gravina, 34, 41001 Sevilla, Sevilla, Espa\\u00f1a<br><a href=\\\"https:\\\/\\\/www.hostales-sp.com\\\/fr\\\/location\\\/hostel-roma\\\/\\\"><img width=\\\"204\\\" height=\\\"50\\\" src=\\\"https:\\\/\\\/www.hostales-sp.com\\\/wp-content\\\/uploads\\\/2014\\\/07\\\/Hostal-Roma-Fachada-3-204x50.jpg\\\" class=\\\"attachment-hsp-photo size-hsp-photo wp-post-image\\\" alt=\\\"Hostales econ\\u00f3micos en Sevilla con Hostal Roma\\\" \\\/><\\\/a><br><a href=\\\"tel:954501300\\\">954501300<\\\/a><br><a href=\\\"\\\" target=\\\"_blank\\\">Plus d'informations<\\\/a>\"],[\"37.3915192\",\"-6.001049\",\"Pensions \\u00e9conomiques \\u00e0 S\\u00e9ville avec Pensi\\u00f3n Gravina\",\"Calle Gravina, 46, 41001 Sevilla, Sevilla, Espa\\u00f1a\",\"#BF9958\",\"Pensions \\u00e9conomiques \\u00e0 S\\u00e9ville avec Pensi\\u00f3n Gravina\",\"Calle Gravina, 46, 41001 Sevilla, Sevilla, Espa\\u00f1a<br><a href=\\\"https:\\\/\\\/www.hostales-sp.com\\\/fr\\\/location\\\/pension-gravina\\\/\\\"><img width=\\\"204\\\" height=\\\"50\\\" src=\\\"https:\\\/\\\/www.hostales-sp.com\\\/wp-content\\\/uploads\\\/2014\\\/07\\\/Pension-Gravina-Habitacion-204x50.jpg\\\" class=\\\"attachment-hsp-photo size-hsp-photo wp-post-image\\\" alt=\\\"Pensiones econ\\u00f3micas en Sevilla con Pensi\\u00f3n Gravina\\\" \\\/><\\\/a><br><a href=\\\"tel:954216414\\\">954216414<\\\/a><br><a href=\\\"https:\\\/\\\/www.hostales-sp.com\\\/fr\\\/location\\\/pension-gravina\\\/\\\" target=\\\"_blank\\\">Plus d'informations<\\\/a>\"],[\"37.3858627\",\"-5.9992695999999\",\"Plaza de Toros de Sevilla\",\"Paseo de Crist\\u00f3bal Col\\u00f3n, 12, 41001 Sevilla, Sevilla, Espa\\u00f1a\",\"#B22222\",\"Plaza de Toros de Sevilla\",\"Paseo de Crist\\u00f3bal Col\\u00f3n, 12, 41001 Sevilla, Sevilla, Espa\\u00f1a<br><a href=\\\"https:\\\/\\\/www.hostales-sp.com\\\/fr\\\/location\\\/plaza-de-toros-sevilla\\\/\\\"><img width=\\\"204\\\" height=\\\"50\\\" src=\\\"https:\\\/\\\/www.hostales-sp.com\\\/wp-content\\\/uploads\\\/2015\\\/01\\\/Plaza-de-Toros-de-La-Maestranza-204x50.jpg\\\" class=\\\"attachment-hsp-photo size-hsp-photo wp-post-image\\\" alt=\\\"\\\" \\\/><\\\/a><br><a href=\\\"tel:954224577\\\">954224577<\\\/a><br><a href=\\\"http:\\\/\\\/www.realmaestranza.com\\\/\\\" target=\\\"_blank\\\">Plus d'informations<\\\/a>\"],[\"37.3867817\",\"-6.0002271\",\"Torre del Oro de Sevilla\",\"Paseo de Crist\\u00f3bal Col\\u00f3n, S\\\/N, 41001 Sevilla, Sevilla, Espa\\u00f1a\",\"#B22222\",\"Torre del Oro de Sevilla\",\"Paseo de Crist\\u00f3bal Col\\u00f3n, S\\\/N, 41001 Sevilla, Sevilla, Espa\\u00f1a<br><a href=\\\"https:\\\/\\\/www.hostales-sp.com\\\/fr\\\/location\\\/torre-del-oro-seville\\\/\\\"><img width=\\\"204\\\" height=\\\"50\\\" src=\\\"https:\\\/\\\/www.hostales-sp.com\\\/wp-content\\\/uploads\\\/2015\\\/01\\\/La-Torre-del-Oro-204x50.jpg\\\" class=\\\"attachment-hsp-photo size-hsp-photo wp-post-image\\\" alt=\\\"\\\" \\\/><\\\/a><br><a href=\\\"tel:954222419\\\">954222419<\\\/a><br><a href=\\\"https:\\\/\\\/www.hostales-sp.com\\\/fr\\\/location\\\/torre-del-oro-seville\\\/\\\" target=\\\"_blank\\\">Plus d'informations<\\\/a>\"]];\n\n                    for ( var i = 0; i < locations.length; i++ ) {\n                        var pin = new Microsoft.Maps.Pushpin( new Microsoft.Maps.Location( locations[ i ][ 0 ], locations[ i ][ 1 ] ), {\n                            title: locations[ i ][ 2 ],\n                            subTitle: locations[ i ][ 3 ],\n                            color: locations[ i ][ 4 ]\n                        } );\n\n                        \/\/Store some metadata with the pushpin.\n                        pin.metadata = {\n                            title: locations[ i ][ 5 ],\n                            description: locations[ i ][ 6 ]\n                        };\n\n                        \/\/Add a click event handler to the pushpin.\n                        Microsoft.Maps.Events.addHandler( pin, 'click', pushpinClicked );\n\n                        \/\/Add pushpin to the map.\n                        map.entities.push( pin );\n                    }\n                }\n\n                function pushpinClicked( e ) {\n                    \/\/Make sure the infobox has metadata to display.\n                    if ( e.target.metadata ) {\n                        \/\/Set the infobox options with the metadata of the pushpin.\n                        infobox.setOptions( {\n                            location: e.target.getLocation(),\n                            title: e.target.metadata.title,\n                            description: e.target.metadata.description,\n                            visible: true\n                        } );\n                    }\n                }\n            <\/script>\n                        <div id=\"mapa\" style=\"position:relative; width:100%; height:300px;\"><\/div>\n            \n<p>Si vous voulez nous contacter, vous pouvez nous contacter par courrier postal ou par t\u00e9l\u00e9phone (heures de service) \u00e0 l&rsquo;une des adresses suivantes:<\/p>\n<div class=\"column-grid column-grid-4\"><div class=\"column column-span-1 column-push-0 column-first\"><p><strong>Hostal Roma<\/strong><\/p>\n<address>Calle Gravina, 34<br \/>\n41001 Sevilla<br \/>\nEspa\u00f1a<br \/>\n+34 954 50 13 00<br \/>\n<a href=\"mailto:info@hostales-sp.com\">info@hostales-sp.com<\/a><\/address>\n<p>\n<\/div>\n<div class=\"column column-span-1 column-push-0\"><p><strong>Le Petit Paris<\/strong><\/p>\n<address>Calle San Pedro M\u00e1rtir, 14<br \/>\n41001 Sevilla<br \/>\nEspa\u00f1a<br \/>\n+34 954 22 98 61<br \/>\n<a href=\"mailto:reservas@lepetitparis.es\">reservas@lepetitparis.es<\/a><\/address>\n<p>\n<\/div>\n<div class=\"column column-span-1 column-push-0\"><p><strong>Hostal Paco&rsquo;s<\/strong><\/p>\n<address>Calle de Pedro del Toro, 7<br \/>\n41001 Sevilla<br \/>\nEspa\u00f1a<br \/>\n+34 954 21 71 83<br \/>\n<a href=\"mailto:info@hostalpacos.com\">info@hostalpacos.com<\/a><\/address>\n<p>\n<\/div>\n<div class=\"column column-span-1 column-push-0 column-last\"><p><strong>Pensi\u00f3n Gravina<\/strong><\/p>\n<address>Calle Gravina, 46<br \/>\n41001 Sevilla<br \/>\nEspa\u00f1a<br \/>\n+34 954 21 64 14<br \/>\n<a href=\"mailto:info@hostales-sp.com\">info@hostales-sp.com<\/a><\/address>\n<p>\n<\/div><\/div>\n<p>Si vous avez des questions sans rapport avec des r\u00e9serves, vous pouvez nous contacter en utilisant le formulaire ci-dessous:<\/p>\n\n<div class=\"wpcf7 no-js\" id=\"wpcf7-f263-o1\" lang=\"fr-FR\" dir=\"ltr\" data-wpcf7-id=\"263\">\n<div class=\"screen-reader-response\"><p role=\"status\" aria-live=\"polite\" aria-atomic=\"true\"><\/p> <ul><\/ul><\/div>\n<form action=\"\/fr\/wp-json\/wp\/v2\/pages\/230#wpcf7-f263-o1\" method=\"post\" class=\"wpcf7-form init\" aria-label=\"Formulaire de contact\" novalidate=\"novalidate\" data-status=\"init\">\n<fieldset class=\"hidden-fields-container\"><input type=\"hidden\" name=\"_wpcf7\" value=\"263\" \/><input type=\"hidden\" name=\"_wpcf7_version\" value=\"6.1.4\" \/><input type=\"hidden\" name=\"_wpcf7_locale\" value=\"fr_FR\" \/><input type=\"hidden\" name=\"_wpcf7_unit_tag\" value=\"wpcf7-f263-o1\" \/><input type=\"hidden\" name=\"_wpcf7_container_post\" value=\"0\" \/><input type=\"hidden\" name=\"_wpcf7_posted_data_hash\" value=\"\" \/>\n<\/fieldset>\n<p class=\"contact-notes\">Votre adresse de messagerie ne sera pas publi\u00e9e. Les champs obligatoires sont indiqu\u00e9s avec <span class=\"required\">*<\/span>\n<\/p>\n<p class=\"contact-form-author\"><br \/>\n<label for=\"your-name\">Nom <span class=\"required\">*<\/span><\/label><br \/>\n<span class=\"wpcf7-form-control-wrap\" data-name=\"your-name\"><input size=\"30\" maxlength=\"400\" class=\"wpcf7-form-control wpcf7-text wpcf7-validates-as-required\" id=\"your-name\" aria-required=\"true\" aria-invalid=\"false\" value=\"\" type=\"text\" name=\"your-name\" \/><\/span>\n<\/p>\n<p class=\"contact-form-email\"><br \/>\n<label for=\"your-email\">E-Mail <span class=\"required\">*<\/span><\/label><br \/>\n<span class=\"wpcf7-form-control-wrap\" data-name=\"your-email\"><input size=\"30\" maxlength=\"400\" class=\"wpcf7-form-control wpcf7-text\" id=\"your-email\" aria-invalid=\"false\" value=\"\" type=\"text\" name=\"your-email\" \/><\/span>\n<\/p>\n<p class=\"contact-form-message\"><br \/>\n<label for=\"your-message\">Message <span class=\"required\">*<\/span><\/label><br \/>\n<span class=\"wpcf7-form-control-wrap\" data-name=\"your-message\"><textarea cols=\"45\" rows=\"8\" maxlength=\"2000\" class=\"wpcf7-form-control wpcf7-textarea wpcf7-validates-as-required\" id=\"your-message\" aria-required=\"true\" aria-invalid=\"false\" name=\"your-message\"><\/textarea><\/span>\n<\/p>\n<p><span class=\"wpcf7-form-control-wrap\" data-name=\"your-privacy\"><span class=\"wpcf7-form-control wpcf7-acceptance\"><span class=\"wpcf7-list-item\"><label><input type=\"checkbox\" name=\"your-privacy\" value=\"1\" aria-invalid=\"false\" \/><span class=\"wpcf7-list-item-label\">J'ai lu et j'accepte la politique de confidentialit\u00e9 <a href=\"https:\/\/www.hostales-sp.com\/aviso-legal\/\">Politique de confidentialit\u00e9 <\/a> et <a href=\"https:\/\/www.hostales-sp.com\/politica-cookies\/\">Utilisation des cookies<\/a> <strong>Hostales SP<\/strong><\/span><\/label><\/span><\/span><\/span>\n<\/p>\n<p>.\n<\/p>\n<p class=\"contact-form-submit\"><input class=\"wpcf7-form-control wpcf7-submit has-spinner\" type=\"submit\" value=\"Envoyer un message\" \/>\n<\/p><div class=\"wpcf7-response-output\" aria-hidden=\"true\"><\/div>\n<\/form>\n<\/div>\n\n","protected":false},"excerpt":{"rendered":"<p>Si vous voulez nous contacter, vous pouvez nous contacter par courrier postal ou par t\u00e9l\u00e9phone (heures de service) \u00e0 l&rsquo;une des adresses suivantes: Si vous avez des questions sans rapport avec des r\u00e9serves, vous pouvez nous contacter en utilisant le formulaire ci-dessous:<\/p>\n","protected":false},"author":1,"featured_media":0,"parent":0,"menu_order":0,"comment_status":"closed","ping_status":"open","template":"page-templates\/full-width.php","meta":{"footnotes":""},"class_list":["post-230","page","type-page","status-publish","hentry"],"_links":{"self":[{"href":"https:\/\/www.hostales-sp.com\/fr\/wp-json\/wp\/v2\/pages\/230","targetHints":{"allow":["GET"]}}],"collection":[{"href":"https:\/\/www.hostales-sp.com\/fr\/wp-json\/wp\/v2\/pages"}],"about":[{"href":"https:\/\/www.hostales-sp.com\/fr\/wp-json\/wp\/v2\/types\/page"}],"author":[{"embeddable":true,"href":"https:\/\/www.hostales-sp.com\/fr\/wp-json\/wp\/v2\/users\/1"}],"replies":[{"embeddable":true,"href":"https:\/\/www.hostales-sp.com\/fr\/wp-json\/wp\/v2\/comments?post=230"}],"version-history":[{"count":0,"href":"https:\/\/www.hostales-sp.com\/fr\/wp-json\/wp\/v2\/pages\/230\/revisions"}],"wp:attachment":[{"href":"https:\/\/www.hostales-sp.com\/fr\/wp-json\/wp\/v2\/media?parent=230"}],"curies":[{"name":"wp","href":"https:\/\/api.w.org\/{rel}","templated":true}]}}