{"id":222,"date":"2015-01-14T10:00:00","date_gmt":"2015-01-14T09:00:00","guid":{"rendered":"https:\/\/www.hostales-sp.com\/?page_id=222"},"modified":"2023-12-17T23:54:49","modified_gmt":"2023-12-17T22:54:49","slug":"politique-en-matiere-de-cookies","status":"publish","type":"page","link":"https:\/\/www.hostales-sp.com\/fr\/politique-en-matiere-de-cookies\/","title":{"rendered":"Politique en mati\u00e8re de Cookies"},"content":{"rendered":"<p>Les cookies sont de petits fichiers qui sont stock\u00e9s sur l&rsquo;ordinateur d&rsquo;un utilisateur lorsque vous visitez certains sites Web. Dans les <strong>Hostales\u00a0SP<\/strong>, nous utilisons des cookies pour m\u00e9moriser et am\u00e9liorer votre exp\u00e9rience sur le site ainsi que de recommander le contenu que nous jugeons d&rsquo;int\u00e9r\u00eat pour vous.<\/p>\n<p>Pour plus d&rsquo;informations sur les cookies et comment les d\u00e9sactiver, consultez:\u00a0<a href=\"http:\/\/www.aboutcookies.org\/\">http:\/\/www.aboutcookies.org<\/a><\/p>\n<p><strong>Hostales\u00a0SP<\/strong> utilise les types de cookies suivants:<\/p>\n<p><strong>Cookies essentiels<\/strong><\/p>\n<p>Les biscuits sont essentielles n\u00e9cessaires \u00e0 l&rsquo;exploitation du site. Si vous choisissez de d\u00e9sactiver ces cookies, vous ne pouvez pas acc\u00e9der \u00e0 tout le contenu disponible, et peut \u00e9galement affecter le fonctionnement du site, en connexion via Facebook<\/p>\n<p><strong>Cookies fonctionnels et de performance<\/strong><\/p>\n<p>Nous utilisons des cookies pour analyser la fa\u00e7on dont les visiteurs utilisent notre site Web et de surveiller l&rsquo;ex\u00e9cution du pr\u00e9sent. Cela nous permet d&rsquo;offrir une exp\u00e9rience de haute qualit\u00e9, la personnalisation du site, et l&rsquo;identification et la r\u00e9paration des probl\u00e8mes surgissent rapidement. En outre, ces cookies permettent de nous souvenir de certaines informations; leurs d\u00e9tails d&rsquo;ouverture de session ou de la r\u00e9gion afin de ne pas avoir \u00e0 entrer de nouveau ces informations chaque fois que vous visitez le site.<\/p>\n","protected":false},"excerpt":{"rendered":"<p>Les cookies sont de petits fichiers qui sont stock\u00e9s sur l&rsquo;ordinateur d&rsquo;un utilisateur lorsque vous visitez certains sites Web. Dans les Hostales\u00a0SP, nous utilisons des cookies pour m\u00e9moriser et am\u00e9liorer votre exp\u00e9rience sur le site ainsi que de recommander le contenu que nous jugeons d&rsquo;int\u00e9r\u00eat pour vous. Pour plus d&rsquo;informations sur les cookies et comment<\/p>\n<p><a href=\"https:\/\/www.hostales-sp.com\/fr\/politique-en-matiere-de-cookies\/\" class=\"more-link\">Continue la lecture <span class=\"meta-nav\">&rarr;<\/span><\/a><\/p>\n<p>\n","protected":false},"author":1,"featured_media":0,"parent":0,"menu_order":0,"comment_status":"closed","ping_status":"closed","template":"page-templates\/full-width.php","meta":{"footnotes":""},"class_list":["post-222","page","type-page","status-publish","hentry"],"_links":{"self":[{"href":"https:\/\/www.hostales-sp.com\/fr\/wp-json\/wp\/v2\/pages\/222","targetHints":{"allow":["GET"]}}],"collection":[{"href":"https:\/\/www.hostales-sp.com\/fr\/wp-json\/wp\/v2\/pages"}],"about":[{"href":"https:\/\/www.hostales-sp.com\/fr\/wp-json\/wp\/v2\/types\/page"}],"author":[{"embeddable":true,"href":"https:\/\/www.hostales-sp.com\/fr\/wp-json\/wp\/v2\/users\/1"}],"replies":[{"embeddable":true,"href":"https:\/\/www.hostales-sp.com\/fr\/wp-json\/wp\/v2\/comments?post=222"}],"version-history":[{"count":0,"href":"https:\/\/www.hostales-sp.com\/fr\/wp-json\/wp\/v2\/pages\/222\/revisions"}],"wp:attachment":[{"href":"https:\/\/www.hostales-sp.com\/fr\/wp-json\/wp\/v2\/media?parent=222"}],"curies":[{"name":"wp","href":"https:\/\/api.w.org\/{rel}","templated":true}]}}