{"id":185,"date":"2015-01-14T10:00:00","date_gmt":"2015-01-14T09:00:00","guid":{"rendered":"https:\/\/www.hostales-sp.com\/?page_id=185"},"modified":"2023-12-17T23:54:51","modified_gmt":"2023-12-17T22:54:51","slug":"reserver","status":"publish","type":"page","link":"https:\/\/www.hostales-sp.com\/fr\/reserver\/","title":{"rendered":"R\u00e9server"},"content":{"rendered":"<p>Remplissez le formulaire ci-dessous pour faire une r\u00e9servation Hostels et Pensions \u00e0 S\u00e9ville ou la disponibilit\u00e9 sais que vous demande (\u00e0 voir les prix, vous pr\u00e9tendez pr\u00e9- livre sur l&rsquo;onglet R\u00e9servations).<\/p>\n        <div id=\"form_reservas\"><\/div>\n        \n","protected":false},"excerpt":{"rendered":"<p>Remplissez le formulaire ci-dessous pour faire une r\u00e9servation Hostels et Pensions \u00e0 S\u00e9ville ou la disponibilit\u00e9 sais que vous demande (\u00e0 voir les prix, vous pr\u00e9tendez pr\u00e9- livre sur l&rsquo;onglet R\u00e9servations).<\/p>\n","protected":false},"author":1,"featured_media":0,"parent":0,"menu_order":0,"comment_status":"closed","ping_status":"open","template":"page-templates\/full-width.php","meta":{"footnotes":""},"class_list":["post-185","page","type-page","status-publish","hentry"],"_links":{"self":[{"href":"https:\/\/www.hostales-sp.com\/fr\/wp-json\/wp\/v2\/pages\/185","targetHints":{"allow":["GET"]}}],"collection":[{"href":"https:\/\/www.hostales-sp.com\/fr\/wp-json\/wp\/v2\/pages"}],"about":[{"href":"https:\/\/www.hostales-sp.com\/fr\/wp-json\/wp\/v2\/types\/page"}],"author":[{"embeddable":true,"href":"https:\/\/www.hostales-sp.com\/fr\/wp-json\/wp\/v2\/users\/1"}],"replies":[{"embeddable":true,"href":"https:\/\/www.hostales-sp.com\/fr\/wp-json\/wp\/v2\/comments?post=185"}],"version-history":[{"count":0,"href":"https:\/\/www.hostales-sp.com\/fr\/wp-json\/wp\/v2\/pages\/185\/revisions"}],"wp:attachment":[{"href":"https:\/\/www.hostales-sp.com\/fr\/wp-json\/wp\/v2\/media?parent=185"}],"curies":[{"name":"wp","href":"https:\/\/api.w.org\/{rel}","templated":true}]}}