{"id":165,"date":"2015-01-14T10:00:00","date_gmt":"2015-01-14T09:00:00","guid":{"rendered":"https:\/\/www.hostales-sp.com\/?page_id=165"},"modified":"2023-12-17T23:54:48","modified_gmt":"2023-12-17T22:54:48","slug":"hostels-pension-seville-reserver-votre-hebergement-pas-cher-dans-centre-seville","status":"publish","type":"page","link":"https:\/\/www.hostales-sp.com\/fr\/","title":{"rendered":"Hostels et pension \u00e0 S\u00e9ville: r\u00e9server votre h\u00e9bergement pas cher dans le centre de S\u00e9ville"},"content":{"rendered":"<p><strong>Hostales\u00a0SP<\/strong> est un groupe de <strong> Hostels et pension \u00e0 S\u00e9ville <\/strong> situ\u00e9 dans le centre de S\u00e9ville, o\u00f9 nous avons plus de trente ans \u00e0 faire s\u00e9jour plus agr\u00e9able \u00e0 ses clients \u00e0 travers un m\u00e9nages et le traitement de soins personnels. <strong>Hostales\u00a0SP<\/strong>, vous pouvez trouver <em> maisons Sevillanas XIXe si\u00e8cle <\/em> et parfaitement assortis avec des \u00e9quipements modernes. En outre, nous trouvons, il est facile de frapper avec leurs go\u00fbts et pr\u00e9f\u00e9rences, depuis, nous avons <strong> hostels centre <\/ strong> de toutes les cat\u00e9gories et les prix dans la m\u00eame zone Sevilla.<\/p>\n<p>Notre <strong>hostels \u00e0 S\u00e9ville ville<\/strong> (dans le centre historique) Sevilla sont \u00e0 moins de dix minutes \u00e0 pied des principaux monuments de cette ville merveilleuse qui vous invitent \u00e0 venir rencontrer.<\/p>\n","protected":false},"excerpt":{"rendered":"<p>Hostales\u00a0SP est un groupe de Hostels et pension \u00e0 S\u00e9ville situ\u00e9 dans le centre de S\u00e9ville, o\u00f9 nous avons plus de trente ans \u00e0 faire s\u00e9jour plus agr\u00e9able \u00e0 ses clients \u00e0 travers un m\u00e9nages et le traitement de soins personnels. Hostales\u00a0SP, vous pouvez trouver maisons Sevillanas XIXe si\u00e8cle et parfaitement assortis avec des \u00e9quipements<\/p>\n<p><a href=\"https:\/\/www.hostales-sp.com\/fr\/\" class=\"more-link\">Continue la lecture <span class=\"meta-nav\">&rarr;<\/span><\/a><\/p>\n<p>\n","protected":false},"author":1,"featured_media":0,"parent":0,"menu_order":0,"comment_status":"closed","ping_status":"closed","template":"page-templates\/front-page.php","meta":{"footnotes":""},"class_list":["post-165","page","type-page","status-publish","hentry"],"_links":{"self":[{"href":"https:\/\/www.hostales-sp.com\/fr\/wp-json\/wp\/v2\/pages\/165","targetHints":{"allow":["GET"]}}],"collection":[{"href":"https:\/\/www.hostales-sp.com\/fr\/wp-json\/wp\/v2\/pages"}],"about":[{"href":"https:\/\/www.hostales-sp.com\/fr\/wp-json\/wp\/v2\/types\/page"}],"author":[{"embeddable":true,"href":"https:\/\/www.hostales-sp.com\/fr\/wp-json\/wp\/v2\/users\/1"}],"replies":[{"embeddable":true,"href":"https:\/\/www.hostales-sp.com\/fr\/wp-json\/wp\/v2\/comments?post=165"}],"version-history":[{"count":0,"href":"https:\/\/www.hostales-sp.com\/fr\/wp-json\/wp\/v2\/pages\/165\/revisions"}],"wp:attachment":[{"href":"https:\/\/www.hostales-sp.com\/fr\/wp-json\/wp\/v2\/media?parent=165"}],"curies":[{"name":"wp","href":"https:\/\/api.w.org\/{rel}","templated":true}]}}